{"id":136,"date":"2006-01-20T12:16:59","date_gmt":"2006-01-20T11:16:59","guid":{"rendered":"http:\/\/blogs.igalia.com\/xavi\/about\/"},"modified":"2016-06-14T12:27:07","modified_gmt":"2016-06-14T10:27:07","slug":"about","status":"publish","type":"page","link":"https:\/\/blogs.igalia.com\/xavi\/about\/","title":{"rendered":"About"},"content":{"rendered":"<p>Socio fundador de Igalia, desarroll\u00e9 mis estudios en la\u00a0Universidad de A Coru\u00f1a en la que obtuve el t\u00edtulo de Ingenier\u00eda en Inform\u00e1tica. Igalia cumple en 2016, 15 a\u00f1os, en los que he participado a trav\u00e9s de distintos roles, desde desarrollador, coordinador de proyectos o desarrollo de negocio. Actualmente, colaboro en tareas varias de finanzas, desarrollo de negocio o coordinaci\u00f3n interna.<\/p>\n<p>[English version]<\/p>\n<p>Cofounder and partner of Igalia, I&#8217;ve got a degree on Computing Science by Universidade de A Coru\u00f1a (Spain). Igalia is now 15 years old, and I have done many different tasks since 2001, from developer, project management or business development. Currently, I collaborate in several tasks: financial, business development and internal coordination.<\/p>\n<p>&nbsp;<\/p>\n","protected":false},"excerpt":{"rendered":"<p>Socio fundador de Igalia, desarroll\u00e9 mis estudios en la\u00a0Universidad de A Coru\u00f1a en la que obtuve el t\u00edtulo de Ingenier\u00eda en Inform\u00e1tica. Igalia cumple en 2016, 15 a\u00f1os, en los que he participado a trav\u00e9s de distintos roles, desde desarrollador, &hellip; <a href=\"https:\/\/blogs.igalia.com\/xavi\/about\/\">Continue reading <span class=\"meta-nav\">&rarr;<\/span><\/a><\/p>\n","protected":false},"author":30,"featured_media":0,"parent":0,"menu_order":0,"comment_status":"open","ping_status":"open","template":"","meta":{"footnotes":""},"class_list":["post-136","page","type-page","status-publish","hentry"],"_links":{"self":[{"href":"https:\/\/blogs.igalia.com\/xavi\/wp-json\/wp\/v2\/pages\/136","targetHints":{"allow":["GET"]}}],"collection":[{"href":"https:\/\/blogs.igalia.com\/xavi\/wp-json\/wp\/v2\/pages"}],"about":[{"href":"https:\/\/blogs.igalia.com\/xavi\/wp-json\/wp\/v2\/types\/page"}],"author":[{"embeddable":true,"href":"https:\/\/blogs.igalia.com\/xavi\/wp-json\/wp\/v2\/users\/30"}],"replies":[{"embeddable":true,"href":"https:\/\/blogs.igalia.com\/xavi\/wp-json\/wp\/v2\/comments?post=136"}],"version-history":[{"count":2,"href":"https:\/\/blogs.igalia.com\/xavi\/wp-json\/wp\/v2\/pages\/136\/revisions"}],"predecessor-version":[{"id":241,"href":"https:\/\/blogs.igalia.com\/xavi\/wp-json\/wp\/v2\/pages\/136\/revisions\/241"}],"wp:attachment":[{"href":"https:\/\/blogs.igalia.com\/xavi\/wp-json\/wp\/v2\/media?parent=136"}],"curies":[{"name":"wp","href":"https:\/\/api.w.org\/{rel}","templated":true}]}}