{"id":146,"date":"2006-01-26T16:57:57","date_gmt":"2006-01-26T15:57:57","guid":{"rendered":"http:\/\/blogs.igalia.com\/ltilve\/about\/"},"modified":"2006-01-26T16:57:57","modified_gmt":"2006-01-26T15:57:57","slug":"about","status":"publish","type":"page","link":"https:\/\/blogs.igalia.com\/ltilve\/about\/","title":{"rendered":"Lorenzo Tilve"},"content":{"rendered":"<ul>\n<li>Born in Pontevedra, in June of 1978<\/li>\n<li>Computer Software Engineer in Facultad de Inform\u00e1tica de A Coru\u00f1a (FIC), Universidade da Coru\u00f1a (UDC).<\/li>\n<li>Joined Igalia in 2004\u00a0 and partner since 2006<\/li>\n<li>At the present, project coordinator and development team member in Igalia Web group.<\/li>\n<\/ul>\n<h2>Trivia<\/h2>\n<blockquote><p>I joined Igalia in 2004 and became a partner in 2007. During these years  I combined development a project management on web scenarios. I have been working on some big content management web projects adding my experience on interfaces integration tasks. I am a fan of puns,  a good discussion and gastronomy, but nothing like storytelling with my daughter.<\/p><\/blockquote>\n","protected":false},"excerpt":{"rendered":"<p>Born in Pontevedra, in June of 1978 Computer Software Engineer in Facultad de Inform\u00e1tica de A Coru\u00f1a (FIC), Universidade da Coru\u00f1a (UDC). Joined Igalia in 2004\u00a0 and partner since 2006 At the present, project coordinator and development team member in &hellip; <a href=\"https:\/\/blogs.igalia.com\/ltilve\/about\/\">Continue reading <span class=\"meta-nav\">&rarr;<\/span><\/a><\/p>\n","protected":false},"author":24,"featured_media":0,"parent":0,"menu_order":0,"comment_status":"open","ping_status":"open","template":"","meta":{"footnotes":""},"class_list":["post-146","page","type-page","status-publish","hentry"],"_links":{"self":[{"href":"https:\/\/blogs.igalia.com\/ltilve\/wp-json\/wp\/v2\/pages\/146","targetHints":{"allow":["GET"]}}],"collection":[{"href":"https:\/\/blogs.igalia.com\/ltilve\/wp-json\/wp\/v2\/pages"}],"about":[{"href":"https:\/\/blogs.igalia.com\/ltilve\/wp-json\/wp\/v2\/types\/page"}],"author":[{"embeddable":true,"href":"https:\/\/blogs.igalia.com\/ltilve\/wp-json\/wp\/v2\/users\/24"}],"replies":[{"embeddable":true,"href":"https:\/\/blogs.igalia.com\/ltilve\/wp-json\/wp\/v2\/comments?post=146"}],"version-history":[{"count":0,"href":"https:\/\/blogs.igalia.com\/ltilve\/wp-json\/wp\/v2\/pages\/146\/revisions"}],"wp:attachment":[{"href":"https:\/\/blogs.igalia.com\/ltilve\/wp-json\/wp\/v2\/media?parent=146"}],"curies":[{"name":"wp","href":"https:\/\/api.w.org\/{rel}","templated":true}]}}